{"id":4624,"date":"2026-04-14T12:22:29","date_gmt":"2026-04-14T12:22:29","guid":{"rendered":"https:\/\/www.weroad.de\/blog\/?page_id=4624"},"modified":"2026-04-15T13:23:38","modified_gmt":"2026-04-15T13:23:38","slug":"reisefuhrer","status":"publish","type":"page","link":"https:\/\/www.weroad.de\/blog\/reisefuhrer\/","title":{"rendered":"Reisef\u00fchrer"},"content":{"rendered":"","protected":false},"excerpt":{"rendered":"","protected":false},"author":17,"featured_media":0,"parent":0,"menu_order":0,"comment_status":"closed","ping_status":"closed","template":"page-templates\/mete.php","meta":{"_acf_changed":false,"footnotes":""},"class_list":["post-4624","page","type-page","status-publish","hentry"],"acf":[],"yoast_head":"<!-- This site is optimized with the Yoast SEO plugin v26.8 - https:\/\/yoast.com\/product\/yoast-seo-wordpress\/ -->\n<title>Reisef\u00fchrer: Wohin reisen, was tun, Tipps | WeRoad<\/title>\n<meta name=\"description\" content=\"Entdecke alle WeRoad-Reisef\u00fchrer. Finde viele Tipps, um dein Reiseziel zu w\u00e4hlen und deine n\u00e4chste Reise optimal zu planen.\" \/>\n<meta name=\"robots\" content=\"index, follow, max-snippet:-1, max-image-preview:large, max-video-preview:-1\" \/>\n<link rel=\"canonical\" href=\"https:\/\/www.weroad.de\/blog\/reisefuhrer\/\" \/>\n<meta property=\"og:locale\" content=\"de_DE\" \/>\n<meta property=\"og:type\" content=\"article\" \/>\n<meta property=\"og:title\" content=\"Reisef\u00fchrer: Wohin reisen, was tun, Tipps | WeRoad\" \/>\n<meta property=\"og:description\" content=\"Entdecke alle WeRoad-Reisef\u00fchrer. Finde viele Tipps, um dein Reiseziel zu w\u00e4hlen und deine n\u00e4chste Reise optimal zu planen.\" \/>\n<meta property=\"og:url\" content=\"https:\/\/www.weroad.de\/blog\/reisefuhrer\/\" \/>\n<meta property=\"og:site_name\" content=\"Stories\" \/>\n<meta property=\"article:publisher\" content=\"https:\/\/www.facebook.com\/WeRoadDe\/\" \/>\n<meta name=\"twitter:card\" content=\"summary_large_image\" \/>\n<script type=\"application\/ld+json\" class=\"yoast-schema-graph\">{\"@context\":\"https:\/\/schema.org\",\"@graph\":[{\"@type\":\"WebPage\",\"@id\":\"https:\/\/www.weroad.de\/blog\/reisefuhrer\/\",\"url\":\"https:\/\/www.weroad.de\/blog\/reisefuhrer\/\",\"name\":\"Reisef\u00fchrer: Wohin reisen, was tun, Tipps | WeRoad\",\"isPartOf\":{\"@id\":\"https:\/\/www.weroad.de\/blog\/#website\"},\"datePublished\":\"2026-04-14T12:22:29+00:00\",\"description\":\"Entdecke alle WeRoad-Reisef\u00fchrer. Finde viele Tipps, um dein Reiseziel zu w\u00e4hlen und deine n\u00e4chste Reise optimal zu planen.\",\"breadcrumb\":{\"@id\":\"https:\/\/www.weroad.de\/blog\/reisefuhrer\/#breadcrumb\"},\"inLanguage\":\"de\",\"potentialAction\":[{\"@type\":\"ReadAction\",\"target\":[\"https:\/\/www.weroad.de\/blog\/reisefuhrer\/\"]}]},{\"@type\":\"BreadcrumbList\",\"@id\":\"https:\/\/www.weroad.de\/blog\/reisefuhrer\/#breadcrumb\",\"itemListElement\":[{\"@type\":\"ListItem\",\"position\":1,\"name\":\"Home\",\"item\":\"https:\/\/www.weroad.de\/blog\/\"},{\"@type\":\"ListItem\",\"position\":2,\"name\":\"Reisef\u00fchrer\"}]},{\"@type\":\"WebSite\",\"@id\":\"https:\/\/www.weroad.de\/blog\/#website\",\"url\":\"https:\/\/www.weroad.de\/blog\/\",\"name\":\"Stories\",\"description\":\"A blog by WeRoad\",\"potentialAction\":[{\"@type\":\"SearchAction\",\"target\":{\"@type\":\"EntryPoint\",\"urlTemplate\":\"https:\/\/www.weroad.de\/blog\/?s={search_term_string}\"},\"query-input\":{\"@type\":\"PropertyValueSpecification\",\"valueRequired\":true,\"valueName\":\"search_term_string\"}}],\"inLanguage\":\"de\"}]}<\/script>\n<!-- \/ Yoast SEO plugin. -->","yoast_head_json":{"title":"Reisef\u00fchrer: Wohin reisen, was tun, Tipps | WeRoad","description":"Entdecke alle WeRoad-Reisef\u00fchrer. Finde viele Tipps, um dein Reiseziel zu w\u00e4hlen und deine n\u00e4chste Reise optimal zu planen.","robots":{"index":"index","follow":"follow","max-snippet":"max-snippet:-1","max-image-preview":"max-image-preview:large","max-video-preview":"max-video-preview:-1"},"canonical":"https:\/\/www.weroad.de\/blog\/reisefuhrer\/","og_locale":"de_DE","og_type":"article","og_title":"Reisef\u00fchrer: Wohin reisen, was tun, Tipps | WeRoad","og_description":"Entdecke alle WeRoad-Reisef\u00fchrer. Finde viele Tipps, um dein Reiseziel zu w\u00e4hlen und deine n\u00e4chste Reise optimal zu planen.","og_url":"https:\/\/www.weroad.de\/blog\/reisefuhrer\/","og_site_name":"Stories","article_publisher":"https:\/\/www.facebook.com\/WeRoadDe\/","twitter_card":"summary_large_image","schema":{"@context":"https:\/\/schema.org","@graph":[{"@type":"WebPage","@id":"https:\/\/www.weroad.de\/blog\/reisefuhrer\/","url":"https:\/\/www.weroad.de\/blog\/reisefuhrer\/","name":"Reisef\u00fchrer: Wohin reisen, was tun, Tipps | WeRoad","isPartOf":{"@id":"https:\/\/www.weroad.de\/blog\/#website"},"datePublished":"2026-04-14T12:22:29+00:00","description":"Entdecke alle WeRoad-Reisef\u00fchrer. Finde viele Tipps, um dein Reiseziel zu w\u00e4hlen und deine n\u00e4chste Reise optimal zu planen.","breadcrumb":{"@id":"https:\/\/www.weroad.de\/blog\/reisefuhrer\/#breadcrumb"},"inLanguage":"de","potentialAction":[{"@type":"ReadAction","target":["https:\/\/www.weroad.de\/blog\/reisefuhrer\/"]}]},{"@type":"BreadcrumbList","@id":"https:\/\/www.weroad.de\/blog\/reisefuhrer\/#breadcrumb","itemListElement":[{"@type":"ListItem","position":1,"name":"Home","item":"https:\/\/www.weroad.de\/blog\/"},{"@type":"ListItem","position":2,"name":"Reisef\u00fchrer"}]},{"@type":"WebSite","@id":"https:\/\/www.weroad.de\/blog\/#website","url":"https:\/\/www.weroad.de\/blog\/","name":"Stories","description":"A blog by WeRoad","potentialAction":[{"@type":"SearchAction","target":{"@type":"EntryPoint","urlTemplate":"https:\/\/www.weroad.de\/blog\/?s={search_term_string}"},"query-input":{"@type":"PropertyValueSpecification","valueRequired":true,"valueName":"search_term_string"}}],"inLanguage":"de"}]}},"_links":{"self":[{"href":"https:\/\/www.weroad.de\/blog\/wp-json\/wp\/v2\/pages\/4624","targetHints":{"allow":["GET"]}}],"collection":[{"href":"https:\/\/www.weroad.de\/blog\/wp-json\/wp\/v2\/pages"}],"about":[{"href":"https:\/\/www.weroad.de\/blog\/wp-json\/wp\/v2\/types\/page"}],"author":[{"embeddable":true,"href":"https:\/\/www.weroad.de\/blog\/wp-json\/wp\/v2\/users\/17"}],"replies":[{"embeddable":true,"href":"https:\/\/www.weroad.de\/blog\/wp-json\/wp\/v2\/comments?post=4624"}],"version-history":[{"count":1,"href":"https:\/\/www.weroad.de\/blog\/wp-json\/wp\/v2\/pages\/4624\/revisions"}],"predecessor-version":[{"id":4625,"href":"https:\/\/www.weroad.de\/blog\/wp-json\/wp\/v2\/pages\/4624\/revisions\/4625"}],"wp:attachment":[{"href":"https:\/\/www.weroad.de\/blog\/wp-json\/wp\/v2\/media?parent=4624"}],"curies":[{"name":"wp","href":"https:\/\/api.w.org\/{rel}","templated":true}]}}